{"id":3405,"date":"2023-10-01T11:11:48","date_gmt":"2023-10-01T15:11:48","guid":{"rendered":"https:\/\/aleidaheinz.com\/contacte-con-la-dra-heinz\/"},"modified":"2026-01-14T13:14:42","modified_gmt":"2026-01-14T18:14:42","slug":"contacte-con-la-dra-heinz","status":"publish","type":"page","link":"https:\/\/aleidaheinz.com\/es\/contacte-con-la-dra-heinz\/","title":{"rendered":"Contacte con la Dra. Heinz"},"content":{"rendered":"\n<div class=\"wp-block-group alignwide is-layout-flow wp-block-group-is-layout-flow\" style=\"padding-top:0;padding-right:0;padding-bottom:0;padding-left:0\">\n<div class=\"wp-block-group has-vivid-cyan-blue-background-color has-background is-horizontal is-content-justification-center is-layout-flex wp-container-core-group-is-layout-ae11e1d9 wp-block-group-is-layout-flex\" style=\"border-radius:50px;padding-top:var(--wp--preset--spacing--50);padding-right:var(--wp--preset--spacing--50);padding-bottom:var(--wp--preset--spacing--50);padding-left:var(--wp--preset--spacing--50)\">\n<figure class=\"wp-block-image size-full is-resized has-custom-border\"><img data-recalc-dims=\"1\" loading=\"lazy\" decoding=\"async\" width=\"2048\" height=\"2560\" src=\"https:\/\/i0.wp.com\/aleidaheinz.com\/wp-content\/uploads\/2024\/02\/fa75af23-c7f8-4040-8571-8fdbfb0a69d7.jpeg?resize=2048%2C2560&#038;ssl=1\" alt=\"\" class=\"wp-image-209\" style=\"border-radius:33px;width:300px;height:auto\"><\/figure>\n\n\n\n<div class=\"wp-block-group has-global-padding is-layout-constrained wp-block-group-is-layout-constrained\">\n<p class=\"has-large-font-size wp-block-paragraph\">For Online and In-person appointments,<\/p>\n\n\n\n<p class=\"has-large-font-size wp-block-paragraph\">Please get in touch with Dr. Heinz:<\/p>\n\n\n\n<p class=\"has-medium-font-size wp-block-paragraph\">For more information, check the<\/p>\n\n\n\n<p class=\"has-medium-font-size wp-block-paragraph\"><a href=\"https:\/\/aleidaheinz.com\/es\/preguntas-frecuentes\/\" data-type=\"page\" data-id=\"105\"><strong>Frequently Asked Questions<\/strong><\/a>.<\/p>\n<\/div>\n<\/div>\n\n\n\n<div class=\"wp-block-group alignfull has-global-padding is-layout-constrained wp-block-group-is-layout-constrained\" style=\"margin-top:var(--wp--preset--spacing--70)\">\n<div class=\"wp-block-columns alignfull is-layout-flex wp-container-core-columns-is-layout-794e3cfa wp-block-columns-is-layout-flex\" style=\"border-radius:0px\">\n<div class=\"wp-block-column is-layout-flow wp-block-column-is-layout-flow\" style=\"flex-basis:50%\">\n<p class=\"has-large-font-size wp-block-paragraph\">Get in touch with Dr. Heinz:<\/p>\n\n\n\n<ul class=\"wp-block-list\">\n<li class=\"has-medium-font-size\">Env\u00ede un correo electr\u00f3nico directamente a <a href=\"mailto:drheinz4u@gmail.com\" target=\"_blank\" rel=\"noreferrer noopener\"><strong>drheinz4u@gmail.com<\/strong><\/a><\/li>\n\n\n\n<li class=\"has-medium-font-size\">Call and send a text message to <strong><a href=\"tel:+18034151582\">+1 (803) 415-1582<\/a>.<\/strong>  <\/li>\n\n\n\n<li class=\"has-medium-font-size\">Use the form below<\/li>\n<\/ul>\n\n\n\n<div class=\"wp-block-jetpack-send-a-message\">\n<div class=\"wp-block-jetpack-whatsapp-button is-color-dark\"><a class=\"whatsapp-block__button\" href=\"https:\/\/api.whatsapp.com\/send?phone=18034151582&amp;text=Hi%2C%20I%20got%20your%20WhatsApp%20information%20from%20your%20website.\" style=\"background-color:#25D366;color:#fff\" target=\"_self\" rel=\"noopener noreferrer\">Chatee en WhatsApp<\/a><\/div>\n<\/div>\n<\/div>\n\n\n\n<div class=\"wp-block-column is-vertically-aligned-top is-layout-flow wp-block-column-is-layout-flow\" style=\"flex-basis:50%\">\n<div class=\"wp-block-group has-tertiary-background-color has-background has-global-padding is-layout-constrained wp-container-core-group-is-layout-17db634c wp-block-group-is-layout-constrained\" style=\"border-radius:35px;padding-top:var(--wp--preset--spacing--40);padding-right:var(--wp--preset--spacing--30);padding-bottom:var(--wp--preset--spacing--40);padding-left:var(--wp--preset--spacing--30)\"><div class=\"wp-block-jetpack-contact-form is-layout-flex wp-container-jetpack-contact-form-is-layout-362419f2 wp-block-jetpack-contact-form-is-layout-flex\"><a href=\"https:\/\/aleidaheinz.com\/es\/contacte-con-la-dra-heinz\/\" target=\"_blank\" rel=\"noopener noreferrer\">Env\u00eda un formulario.<\/a><\/div><\/div>\n<\/div>\n<\/div>\n<\/div>\n\n\n\n<hr class=\"wp-block-separator has-alpha-channel-opacity\">\n\n\n\n<div class=\"wp-block-group is-content-justification-space-between is-layout-flex wp-container-core-group-is-layout-8b12082b wp-block-group-is-layout-flex\" style=\"border-radius:50px;padding-top:var(--wp--preset--spacing--50);padding-right:var(--wp--preset--spacing--50);padding-bottom:var(--wp--preset--spacing--50);padding-left:var(--wp--preset--spacing--50)\">\n<div class=\"wp-block-group is-vertical is-layout-flex wp-container-core-group-is-layout-1bbac977 wp-block-group-is-layout-flex\">\n<h3 class=\"wp-block-heading\">In-Person Sessions in Charlotte, NC:<\/h3>\n\n\n\n<p class=\"has-medium-font-size wp-block-paragraph\"><a href=\"https:\/\/maps.app.goo.gl\/EnRH8jGaPA923mCN7\" target=\"_blank\" rel=\"noreferrer noopener\">11220 Elm Lane, Suite 203<br>Charlotte, NC 28277<\/a><\/p>\n<\/div>\n\n\n\n<\/div>\n\n\n\n<hr class=\"wp-block-separator has-alpha-channel-opacity\">\n\n\n\n<div class=\"wp-block-group is-layout-flow wp-block-group-is-layout-flow\">\n<p class=\"has-small-font-size wp-block-paragraph\"><em><strong>NO SE ACEPTA SEGURO M\u00c9DICO<\/strong><\/em><\/p>\n\n\n\n<p class=\"has-text-align-left has-small-font-size wp-block-paragraph\"><em>La Dra. Heinz se comunicar\u00e1 con usted y le dar\u00e1 estrategias para ayudarle a encontrar respuestas a todas sus inquietudes.&nbsp;<strong>Neither physical contact nor nudity is involved<\/strong>. Always consult a physician immediately if you have contracted a sexually transmitted infection or suspect pregnancy.<\/em><\/p>\n\n\n\n<p class=\"has-small-font-size wp-block-paragraph\">Para servicios de ur\u00f3logo, la Dra. Heinz recomienda <em> <a href=\"http:\/\/www.urologyspecialistsnc.com\/\" target=\"_blank\" rel=\"noreferrer noopener\">Urology Specialists NC.<\/a><\/em><\/p>\n<\/div>\n<\/div>\n\n\n\n<p class=\"wp-block-paragraph\"><\/p>\n","protected":false},"excerpt":{"rendered":"<p>For Online and In-person appointments, Please get in touch with Dr. Heinz: For more information, check the Frequently Asked Questions. Get in touch with Dr. Heinz: In-Person Sessions in Charlotte, NC: 11220 Elm Lane, Suite 203Charlotte, NC 28277 NO SE ACEPTA SEGURO M\u00c9DICO La Dra. Heinz se comunicar\u00e1 con usted y le dar\u00e1 estrategias para [&hellip;]<\/p>\n","protected":false},"author":240678465,"featured_media":0,"parent":0,"menu_order":0,"comment_status":"closed","ping_status":"closed","template":"","meta":{"_crdt_document":"","jetpack_post_was_ever_published":false,"footnotes":""},"class_list":["post-3405","page","type-page","status-publish","hentry"],"jetpack_likes_enabled":true,"jetpack_sharing_enabled":true,"jetpack_shortlink":"https:\/\/wp.me\/Pfauqf-SV","jetpack-related-posts":[],"_links":{"self":[{"href":"https:\/\/aleidaheinz.com\/es\/wp-json\/wp\/v2\/pages\/3405","targetHints":{"allow":["GET"]}}],"collection":[{"href":"https:\/\/aleidaheinz.com\/es\/wp-json\/wp\/v2\/pages"}],"about":[{"href":"https:\/\/aleidaheinz.com\/es\/wp-json\/wp\/v2\/types\/page"}],"author":[{"embeddable":true,"href":"https:\/\/aleidaheinz.com\/es\/wp-json\/wp\/v2\/users\/240678465"}],"replies":[{"embeddable":true,"href":"https:\/\/aleidaheinz.com\/es\/wp-json\/wp\/v2\/comments?post=3405"}],"version-history":[{"count":3,"href":"https:\/\/aleidaheinz.com\/es\/wp-json\/wp\/v2\/pages\/3405\/revisions"}],"predecessor-version":[{"id":3548,"href":"https:\/\/aleidaheinz.com\/es\/wp-json\/wp\/v2\/pages\/3405\/revisions\/3548"}],"wp:attachment":[{"href":"https:\/\/aleidaheinz.com\/es\/wp-json\/wp\/v2\/media?parent=3405"}],"curies":[{"name":"wp","href":"https:\/\/api.w.org\/{rel}","templated":true}]}}